{"id":6772,"date":"2017-10-04T18:54:56","date_gmt":"2017-10-04T16:54:56","guid":{"rendered":"http:\/\/estreesbmx.com\/?page_id=6772"},"modified":"2017-10-04T19:10:47","modified_gmt":"2017-10-04T17:10:47","slug":"reglementation-conformite-en-course","status":"publish","type":"page","link":"http:\/\/estreesbmx.com\/?page_id=6772","title":{"rendered":"R\u00c9GLEMENTATION \u2013 CONFORMIT\u00c9 EN COURSE"},"content":{"rendered":"    <!--[section]-->\n\t\t<style>\n.bd-section-1718495085{padding-top:1em;padding-bottom:1em;}\n.bd-section-1718495085{\n\tline-height:  24px;\n\tfont-size:  16px;\n\tcolor:  #555555;\n}\n.bd-section-1718495085 h6{\n\tline-height:  17.14285715px;\n\tfont-size:  12px;\n}\n.bd-section-1718495085 h5{\n\tletter-spacing:  0.03em;\n}\n.bd-section-1718495085 h4{\n\tline-height:  30.00000001px;\n\tfont-weight:  400;\n\tfont-size:  21px;\n\ttext-transform:  none;\n\tcolor:  #777777;\n}\n.bd-section-1718495085 h3{\n\tline-height:  37.5px;\n\tfont-size:  25px;\n\tfont-weight:  700;\n\ttext-transform:  uppercase;\n\tcolor:  #333333;\n}\n\n@media (max-width: 767px) {.bd-section-1718495085 h5{\n\tline-height:  22.85714286px;\n\tfont-size:  16px;\n}\n.bd-section-1718495085 h4{\n\tline-height:  25.71428572px;\n\tfont-size:  18px;\n}\n.bd-section-1718495085 h3{\n\tline-height:  30.00000001px;\n\tfont-size:  21px;\n}\n}<\/style>\t\t<section id=section4 class=\" bd-section-1718495085 bd-custom-image bd-imagestyles-34-mixin bd-tagstyles\" data-section-title=\"One Third\">\n\t\t\t<div class=\"bd-container-inner bd-margins clearfix\">\n\t\t\t\t<!--{content}-->\n\t\t\t\t\t    <!--[columns]-->\n        <style>\n.bd-layoutcontainer-1811018804  > .bd-container-inner > .container-fluid:after{display:none;}<\/style><style>\n.bd-layoutcontainer-1811018804 > .bd-container-inner > .container-fluid, .bd-layoutcontainer-1811018804 > .bd-container-inner > .container-fluid > .row{height:100%;}<\/style><style>.bd-layoutcontainer-1811018804 > .bd-container-inner > .container-fluid {padding-left: 0; padding-right: 0;margin-left: 0!important; margin-right: 0!important;}<\/style>        <style>\n.bd-layoutcolumn-249208570{background-color:#f5f5f5;padding:10px;}\n.bd-parallax-bg-effect > .bd-layoutcolumn-84830747 {\n            background-color: transparent;\n            z-index: 0;\n        }\n\n.bd-layoutcolumn-84830747{background-image:url(http:\/\/estreesbmx.com\/wp-content\/uploads\/2017\/10\/56c1e50dc72db2a8239e99b681a923f9_fondreglementation.jpg);background-repeat:repeat;background-attachment:scroll;background-size:cover;background-position:center bottom;padding:7%;}\n@media (max-width: 991px) {.bd-layoutcolumn-84830747{padding:3%;}}\n@media (max-width: 767px) {.bd-layoutcolumn-84830747{border-right-width:0px;border-right-style:none;border-bottom:1px solid #dddddd;}}<\/style>        <div class=\" bd-layoutcontainer-1811018804  bd-columns bd-no-margins\">\n            <div class=\"bd-container-inner\">\n                <div class=\"container-fluid\">\n                    <div class=\"row bd-row-flex bd-row-align-top\">\n                        <!--{content}-->\n                                <!--[column]-->\n        <div class=\"col-md-6 col-sm-12 bd-columnwrapper-249208570\">\n            <div class=\"bd-column  bd-layoutcolumn-249208570 \">\n                <div class=\"bd-vertical-align-wrapper\">\n                    <!--{content}-->\n                            <!--[text]-->\n        <style>\nh3.additional-class-685670438{\n\tcolor:  #841518;\n}\n<\/style>        <h3 class=\" additional-class-685670438  bd-content-element\">\n            <!--{content}-->\n                R\u00e8glement            <!--{\/content}-->\n        <\/h3>\n    <!--[\/text]-->\n\n\t\n\t\t    <!--[text]-->\n        <style>\n@media (max-width: 767px) {.additional-class-1182413981{\n\tline-height:  18.57142858px;\n\tfont-size:  13px;\n}\n}<\/style>        <p class=\" additional-class-1182413981  bd-content-element\">\n            <!--{content}-->\n                <b>La tenue :<\/b> La tenue doit r\u00e9pondre aux exigences suivantes :\n\u2013 Casque en bon \u00e9tat et conforme\n\u2013 Pas de fermeture-\u00e9clair sur le maillot\n\u2013 Pas de num\u00e9ro dans le dos\n\u2013 Lacets correctement faits\n\u2013 Tenue vestimentaire en bon \u00e9tat<br><br><b>Le frein :<\/b> Le frein arri\u00e8re est le seul autoris\u00e9. Il doit \u00eatre efficace et le levier en bon \u00e9tat (pas de parties saillantes). La pr\u00e9sence d\u2019un frein avant est strictement interdite pour des raisons de s\u00e9curit\u00e9\nMOTIF D\u2019INTERDICTION DE DEPART EN COURSE<br><br><b>Les poign\u00e9es :<\/b> Elles doivent \u00eatre en bon \u00e9tat. L\u2019extr\u00e9mit\u00e9 de la poign\u00e9e ne doit pas laisser appara\u00eetre le guidon. Elles ne doivent pas \u00eatre perc\u00e9es. Les embouts, si pr\u00e9sents, doivent \u00eatre en bon \u00e9tat.\nMOTIF D\u2019INTERDICTION DE D\u00c9PART EN CAS DE NON-CONFORMIT\u00c9<br><br><b>La plaque frontale :<\/b> Elle permet aux juges de reconna\u00eetre les pilotes lors des arriv\u00e9es. Elle est r\u00e9git par des r\u00e8gles.\nElle doit comporter un fond de couleur d\u2019au moins 10x10cm. Ils permettent de diff\u00e9rencier certaines cat\u00e9gories\nJaune \/ Chiffres noirs : Hommes gar\u00e7ons\nBleue \/ Chiffres blancs : Femmes, filles\nRouge \/ Chiffres blancs : Cruisers\nD\u2019autres couleurs existent mais elles concernent des cat\u00e9gories sp\u00e9cifiques\nLes chiffres doivent faire au moins 8cm de haut et 8mm d\u2019\u00e9paisseur et la lettre au moins 4cm\nLe num\u00e9ro de plaque est disponible sur votre licence. (Deux chiffres et une lettre)\nMOTIF D\u2019INTERDICTION DE D\u00c9PART EN CAS DE NON-CONFORMIT\u00c9<br><br><b>La plaque lat\u00e9rale :<\/b> Doit comporter au moins les deux chiffres. PR\u00c9SENCE OBLIGATOIRE EN COURSE            <!--{\/content}-->\n        <\/p>\n    <!--[\/text]-->\n\n\t\n\t\t\n    <!--[separator]-->\n            <style>\n.bd-separator-1988614226 .bd-separator-inner:before, .bd-separator-1988614226 .bd-separator-inner:after{height:15px;margin-bottom:1em;border-bottom:1px solid #dddddd;}<\/style>    \n    <div class=\" bd-separator-1988614226  bd-separator-center bd-separator-content-center clearfix\">\n        <div class=\"bd-container-inner\">\n            <div class=\"bd-separator-inner\">\n                                <!--{content}--><!--{\/content}-->\n            <\/div>\n        <\/div>\n    <\/div>\n    <!--[\/separator]-->\n\n                        <!--{\/content}-->\n                <\/div>\n            <\/div>\n        <\/div>\n    <!--[\/column]-->\n\n\t\n\t\t    <!--[parallax_background]-->\n                <div class=\" bd-parallax-bg-726999399  bd-parallax-bg-effect\" data-control-selector=\".bd-layoutcolumn-84830747\">\n            <!--{content}-->\n                    <!--[column]-->\n        <div class=\"col-md-6 col-sm-12 bd-columnwrapper-84830747\">\n            <div class=\"bd-column  bd-layoutcolumn-84830747 \">\n                <div class=\"bd-vertical-align-wrapper\">\n                    <!--{content}-->\n                                            <!--{\/content}-->\n                <\/div>\n            <\/div>\n        <\/div>\n    <!--[\/column]-->\n            <!--{\/content}-->\n        <\/div>\n    <!--[\/parallax_background]-->\n                        <!--{\/content}-->\n                    <\/div>\n                <\/div>\n            <\/div>\n        <\/div>\n    <!--[\/columns]-->\n\t\t\t\t<!--{\/content}-->\n\t\t\t<\/div>\n\t\t<\/section>\n\t<!--[\/section]-->\n\n","protected":false},"excerpt":{"rendered":"","protected":false},"author":3,"featured_media":0,"parent":38,"menu_order":0,"comment_status":"closed","ping_status":"closed","template":"","meta":{"ngg_post_thumbnail":0},"_links":{"self":[{"href":"http:\/\/estreesbmx.com\/index.php?rest_route=\/wp\/v2\/pages\/6772"}],"collection":[{"href":"http:\/\/estreesbmx.com\/index.php?rest_route=\/wp\/v2\/pages"}],"about":[{"href":"http:\/\/estreesbmx.com\/index.php?rest_route=\/wp\/v2\/types\/page"}],"author":[{"embeddable":true,"href":"http:\/\/estreesbmx.com\/index.php?rest_route=\/wp\/v2\/users\/3"}],"replies":[{"embeddable":true,"href":"http:\/\/estreesbmx.com\/index.php?rest_route=%2Fwp%2Fv2%2Fcomments&post=6772"}],"version-history":[{"count":3,"href":"http:\/\/estreesbmx.com\/index.php?rest_route=\/wp\/v2\/pages\/6772\/revisions"}],"predecessor-version":[{"id":6798,"href":"http:\/\/estreesbmx.com\/index.php?rest_route=\/wp\/v2\/pages\/6772\/revisions\/6798"}],"up":[{"embeddable":true,"href":"http:\/\/estreesbmx.com\/index.php?rest_route=\/wp\/v2\/pages\/38"}],"wp:attachment":[{"href":"http:\/\/estreesbmx.com\/index.php?rest_route=%2Fwp%2Fv2%2Fmedia&parent=6772"}],"curies":[{"name":"wp","href":"https:\/\/api.w.org\/{rel}","templated":true}]}}